{"id":11,"date":"2016-01-13T18:55:31","date_gmt":"2016-01-13T17:55:31","guid":{"rendered":"https:\/\/www.external-democracy-promotion.eu\/de\/?page_id=11"},"modified":"2025-02-24T14:09:43","modified_gmt":"2025-02-24T13:09:43","slug":"ueber-uns","status":"publish","type":"page","link":"https:\/\/www.external-democracy-promotion.eu\/de\/ueber-uns\/","title":{"rendered":"\u00dcber uns"},"content":{"rendered":"<p class=\"MsoNormal\">Das Forschungsnetzwerk \u201aExternal Democracy Promotion\u2018 (EDP) vereint Politikwissenschaftler*innen aus Europa, die an der Schnittstelle zwischen Internationalen Beziehungen und Vergleichenden Politikwissenschaften arbeiten. Unser gemeinsames Interesse liegt im Bereich grenz\u00fcberschreitender Aktivit\u00e4ten von Staaten, nichtstaatlichen Akteuren und internationalen Organisationen, die darauf hinwirken, Demokratie in Drittstaaten zu etablieren, zu verbessern oder zu verteidigen. Wir verfolgen das Ziel, Forschung zur Demokratief\u00f6rderung zu b\u00fcndeln und zu vertiefen, sowie die Politikberatung in diesem Bereich zu st\u00e4rken. Wir kommen regelm\u00e4\u00dfig zusammen, um unsere Forschung und aktuelle politische Entwicklungen zu diskutieren, um an gemeinsamen Publikationsprojekten zu arbeiten und um unsere Arbeit einem akademischen Publikum sowie einer politisch interessierten \u00d6ffentlichkeit zu pr\u00e4sentieren.<\/p>\n<p>Das EDP-Netzwerk, das im Mai 2015 ins Leben gerufen wurde, vertieft und erweitert das bereits bestehende Diskussionsforum \u201aExterne Demokratisierungspolitik\u2018. Von Mai 2015 bis April 2019 profitierte das Netzwerk von der gro\u00dfz\u00fcgigen F\u00f6rderung der Leibniz-Gemeinschaft im Rahmen des Leibniz-Wettbewerbs. In den Jahren 2010-2015 wurde das Diskussionsforum durch die Deutsche Forschungsgemeinschaft (DFG) unterst\u00fctzt.<\/p>\n","protected":false},"excerpt":{"rendered":"<p>Das Forschungsnetzwerk \u201aExternal Democracy Promotion\u2018 (EDP) vereint Politikwissenschaftler*innen aus Europa, die an der Schnittstelle zwischen Internationalen Beziehungen und Vergleichenden Politikwissenschaften arbeiten. Unser gemeinsames Interesse liegt im Bereich grenz\u00fcberschreitender Aktivit\u00e4ten von Staaten, nichtstaatlichen Akteuren und internationalen Organisationen, die darauf hinwirken, Demokratie &#8230;<\/p>\n","protected":false},"author":1,"featured_media":3055,"parent":0,"menu_order":30,"comment_status":"closed","ping_status":"closed","template":"page-about.php","meta":{"_acf_changed":false,"footnotes":""},"class_list":["post-11","page","type-page","status-publish","has-post-thumbnail","hentry"],"acf":[],"yoast_head":"<!-- This site is optimized with the Yoast SEO plugin v27.4 - https:\/\/yoast.com\/product\/yoast-seo-wordpress\/ -->\n<title>\u00dcber uns - EDP Netzwerk<\/title>\n<meta name=\"description\" content=\"Das Forschungsnetzwerk \u201aExternal Democracy Promotion\u2018 (EDP) vereint Politikwissenschaftler*innen aus Europa, die an der Schnittstelle zwischen\" \/>\n<meta name=\"robots\" content=\"index, follow, max-snippet:-1, max-image-preview:large, max-video-preview:-1\" \/>\n<link rel=\"canonical\" href=\"https:\/\/www.external-democracy-promotion.eu\/de\/ueber-uns\/\" \/>\n<meta property=\"og:locale\" content=\"de_DE\" \/>\n<meta property=\"og:type\" content=\"article\" \/>\n<meta property=\"og:title\" content=\"\u00dcber uns - EDP Netzwerk\" \/>\n<meta property=\"og:description\" content=\"Das Forschungsnetzwerk \u201aExternal Democracy Promotion\u2018 (EDP) vereint Politikwissenschaftler*innen aus Europa, die an der Schnittstelle zwischen\" \/>\n<meta property=\"og:url\" content=\"https:\/\/www.external-democracy-promotion.eu\/de\/ueber-uns\/\" \/>\n<meta property=\"og:site_name\" content=\"EDP Network\" \/>\n<meta property=\"article:modified_time\" content=\"2025-02-24T13:09:43+00:00\" \/>\n<meta property=\"og:image\" content=\"https:\/\/www.external-democracy-promotion.eu\/de\/wp-content\/uploads\/sites\/3\/2023\/06\/edp-network-member-002.jpg\" \/>\n\t<meta property=\"og:image:width\" content=\"1185\" \/>\n\t<meta property=\"og:image:height\" content=\"759\" \/>\n\t<meta property=\"og:image:type\" content=\"image\/jpeg\" \/>\n<meta name=\"twitter:card\" content=\"summary_large_image\" \/>\n<meta name=\"twitter:label1\" content=\"Gesch\u00e4tzte Lesezeit\" \/>\n\t<meta name=\"twitter:data1\" content=\"2\u00a0Minuten\" \/>\n<script type=\"application\/ld+json\" class=\"yoast-schema-graph\">{\"@context\":\"https:\\\/\\\/schema.org\",\"@graph\":[{\"@type\":\"WebPage\",\"@id\":\"https:\\\/\\\/www.external-democracy-promotion.eu\\\/de\\\/ueber-uns\\\/\",\"url\":\"https:\\\/\\\/www.external-democracy-promotion.eu\\\/de\\\/ueber-uns\\\/\",\"name\":\"\u00dcber uns - EDP Netzwerk\",\"isPartOf\":{\"@id\":\"https:\\\/\\\/www.external-democracy-promotion.eu\\\/de\\\/#website\"},\"primaryImageOfPage\":{\"@id\":\"https:\\\/\\\/www.external-democracy-promotion.eu\\\/de\\\/ueber-uns\\\/#primaryimage\"},\"image\":{\"@id\":\"https:\\\/\\\/www.external-democracy-promotion.eu\\\/de\\\/ueber-uns\\\/#primaryimage\"},\"thumbnailUrl\":\"https:\\\/\\\/www.external-democracy-promotion.eu\\\/de\\\/wp-content\\\/uploads\\\/sites\\\/3\\\/2023\\\/06\\\/edp-network-member-002.jpg\",\"datePublished\":\"2016-01-13T17:55:31+00:00\",\"dateModified\":\"2025-02-24T13:09:43+00:00\",\"description\":\"Das Forschungsnetzwerk \u201aExternal Democracy Promotion\u2018 (EDP) vereint Politikwissenschaftler*innen aus Europa, die an der Schnittstelle zwischen\",\"breadcrumb\":{\"@id\":\"https:\\\/\\\/www.external-democracy-promotion.eu\\\/de\\\/ueber-uns\\\/#breadcrumb\"},\"inLanguage\":\"de\",\"potentialAction\":[{\"@type\":\"ReadAction\",\"target\":[\"https:\\\/\\\/www.external-democracy-promotion.eu\\\/de\\\/ueber-uns\\\/\"]}]},{\"@type\":\"ImageObject\",\"inLanguage\":\"de\",\"@id\":\"https:\\\/\\\/www.external-democracy-promotion.eu\\\/de\\\/ueber-uns\\\/#primaryimage\",\"url\":\"https:\\\/\\\/www.external-democracy-promotion.eu\\\/de\\\/wp-content\\\/uploads\\\/sites\\\/3\\\/2023\\\/06\\\/edp-network-member-002.jpg\",\"contentUrl\":\"https:\\\/\\\/www.external-democracy-promotion.eu\\\/de\\\/wp-content\\\/uploads\\\/sites\\\/3\\\/2023\\\/06\\\/edp-network-member-002.jpg\",\"width\":1185,\"height\":759,\"caption\":\"EDP Network - Member\"},{\"@type\":\"BreadcrumbList\",\"@id\":\"https:\\\/\\\/www.external-democracy-promotion.eu\\\/de\\\/ueber-uns\\\/#breadcrumb\",\"itemListElement\":[{\"@type\":\"ListItem\",\"position\":1,\"name\":\"Home\",\"item\":\"https:\\\/\\\/www.external-democracy-promotion.eu\\\/de\\\/\"},{\"@type\":\"ListItem\",\"position\":2,\"name\":\"\u00dcber uns\"}]},{\"@type\":\"WebSite\",\"@id\":\"https:\\\/\\\/www.external-democracy-promotion.eu\\\/de\\\/#website\",\"url\":\"https:\\\/\\\/www.external-democracy-promotion.eu\\\/de\\\/\",\"name\":\"EDP Network\",\"description\":\"Deutsche Website\",\"potentialAction\":[{\"@type\":\"SearchAction\",\"target\":{\"@type\":\"EntryPoint\",\"urlTemplate\":\"https:\\\/\\\/www.external-democracy-promotion.eu\\\/de\\\/?s={search_term_string}\"},\"query-input\":{\"@type\":\"PropertyValueSpecification\",\"valueRequired\":true,\"valueName\":\"search_term_string\"}}],\"inLanguage\":\"de\"}]}<\/script>\n<!-- \/ Yoast SEO plugin. -->","yoast_head_json":{"title":"\u00dcber uns - EDP Netzwerk","description":"Das Forschungsnetzwerk \u201aExternal Democracy Promotion\u2018 (EDP) vereint Politikwissenschaftler*innen aus Europa, die an der Schnittstelle zwischen","robots":{"index":"index","follow":"follow","max-snippet":"max-snippet:-1","max-image-preview":"max-image-preview:large","max-video-preview":"max-video-preview:-1"},"canonical":"https:\/\/www.external-democracy-promotion.eu\/de\/ueber-uns\/","og_locale":"de_DE","og_type":"article","og_title":"\u00dcber uns - EDP Netzwerk","og_description":"Das Forschungsnetzwerk \u201aExternal Democracy Promotion\u2018 (EDP) vereint Politikwissenschaftler*innen aus Europa, die an der Schnittstelle zwischen","og_url":"https:\/\/www.external-democracy-promotion.eu\/de\/ueber-uns\/","og_site_name":"EDP Network","article_modified_time":"2025-02-24T13:09:43+00:00","og_image":[{"width":1185,"height":759,"url":"https:\/\/www.external-democracy-promotion.eu\/de\/wp-content\/uploads\/sites\/3\/2023\/06\/edp-network-member-002.jpg","type":"image\/jpeg"}],"twitter_card":"summary_large_image","twitter_misc":{"Gesch\u00e4tzte Lesezeit":"2\u00a0Minuten"},"schema":{"@context":"https:\/\/schema.org","@graph":[{"@type":"WebPage","@id":"https:\/\/www.external-democracy-promotion.eu\/de\/ueber-uns\/","url":"https:\/\/www.external-democracy-promotion.eu\/de\/ueber-uns\/","name":"\u00dcber uns - EDP Netzwerk","isPartOf":{"@id":"https:\/\/www.external-democracy-promotion.eu\/de\/#website"},"primaryImageOfPage":{"@id":"https:\/\/www.external-democracy-promotion.eu\/de\/ueber-uns\/#primaryimage"},"image":{"@id":"https:\/\/www.external-democracy-promotion.eu\/de\/ueber-uns\/#primaryimage"},"thumbnailUrl":"https:\/\/www.external-democracy-promotion.eu\/de\/wp-content\/uploads\/sites\/3\/2023\/06\/edp-network-member-002.jpg","datePublished":"2016-01-13T17:55:31+00:00","dateModified":"2025-02-24T13:09:43+00:00","description":"Das Forschungsnetzwerk \u201aExternal Democracy Promotion\u2018 (EDP) vereint Politikwissenschaftler*innen aus Europa, die an der Schnittstelle zwischen","breadcrumb":{"@id":"https:\/\/www.external-democracy-promotion.eu\/de\/ueber-uns\/#breadcrumb"},"inLanguage":"de","potentialAction":[{"@type":"ReadAction","target":["https:\/\/www.external-democracy-promotion.eu\/de\/ueber-uns\/"]}]},{"@type":"ImageObject","inLanguage":"de","@id":"https:\/\/www.external-democracy-promotion.eu\/de\/ueber-uns\/#primaryimage","url":"https:\/\/www.external-democracy-promotion.eu\/de\/wp-content\/uploads\/sites\/3\/2023\/06\/edp-network-member-002.jpg","contentUrl":"https:\/\/www.external-democracy-promotion.eu\/de\/wp-content\/uploads\/sites\/3\/2023\/06\/edp-network-member-002.jpg","width":1185,"height":759,"caption":"EDP Network - Member"},{"@type":"BreadcrumbList","@id":"https:\/\/www.external-democracy-promotion.eu\/de\/ueber-uns\/#breadcrumb","itemListElement":[{"@type":"ListItem","position":1,"name":"Home","item":"https:\/\/www.external-democracy-promotion.eu\/de\/"},{"@type":"ListItem","position":2,"name":"\u00dcber uns"}]},{"@type":"WebSite","@id":"https:\/\/www.external-democracy-promotion.eu\/de\/#website","url":"https:\/\/www.external-democracy-promotion.eu\/de\/","name":"EDP Network","description":"Deutsche Website","potentialAction":[{"@type":"SearchAction","target":{"@type":"EntryPoint","urlTemplate":"https:\/\/www.external-democracy-promotion.eu\/de\/?s={search_term_string}"},"query-input":{"@type":"PropertyValueSpecification","valueRequired":true,"valueName":"search_term_string"}}],"inLanguage":"de"}]}},"_links":{"self":[{"href":"https:\/\/www.external-democracy-promotion.eu\/de\/wp-json\/wp\/v2\/pages\/11","targetHints":{"allow":["GET"]}}],"collection":[{"href":"https:\/\/www.external-democracy-promotion.eu\/de\/wp-json\/wp\/v2\/pages"}],"about":[{"href":"https:\/\/www.external-democracy-promotion.eu\/de\/wp-json\/wp\/v2\/types\/page"}],"author":[{"embeddable":true,"href":"https:\/\/www.external-democracy-promotion.eu\/de\/wp-json\/wp\/v2\/users\/1"}],"replies":[{"embeddable":true,"href":"https:\/\/www.external-democracy-promotion.eu\/de\/wp-json\/wp\/v2\/comments?post=11"}],"version-history":[{"count":28,"href":"https:\/\/www.external-democracy-promotion.eu\/de\/wp-json\/wp\/v2\/pages\/11\/revisions"}],"predecessor-version":[{"id":3338,"href":"https:\/\/www.external-democracy-promotion.eu\/de\/wp-json\/wp\/v2\/pages\/11\/revisions\/3338"}],"wp:featuredmedia":[{"embeddable":true,"href":"https:\/\/www.external-democracy-promotion.eu\/de\/wp-json\/wp\/v2\/media\/3055"}],"wp:attachment":[{"href":"https:\/\/www.external-democracy-promotion.eu\/de\/wp-json\/wp\/v2\/media?parent=11"}],"curies":[{"name":"wp","href":"https:\/\/api.w.org\/{rel}","templated":true}]}}