{"id":19,"date":"2016-01-13T19:35:24","date_gmt":"2016-01-13T18:35:24","guid":{"rendered":"https:\/\/www.external-democracy-promotion.eu\/de\/?page_id=19"},"modified":"2020-02-04T18:35:44","modified_gmt":"2020-02-04T17:35:44","slug":"forschung","status":"publish","type":"page","link":"https:\/\/www.external-democracy-promotion.eu\/de\/forschung\/","title":{"rendered":"Forschung"},"content":{"rendered":"<p>Besondere Prominenz hat das Thema der externen Demokratief\u00f6rderung im Rahmen der vom ehemaligen US-Pr\u00e4sidenten Bush verfolgten und viel kritisierten &#8222;Freedom Agenda&#8220; erhalten. Vor allem der durch Pr\u00e4sident Bushs Politik vermittelte Eindruck, Demokratief\u00f6rderung sei eine Politik des Regimewechsels durch milit\u00e4rische Mittel, hat zu Widerst\u00e4nden und Kontroversen gef\u00fchrt. Im Kontext des Arabischen Fr\u00fchlings hat allerdings auch der Bereich friedlicher Demokratief\u00f6rderaktivit\u00e4ten durch Entwicklungszusammenarbeit und diplomatische Mittel neue \u00f6ffentliche Aufmerksamkeit erhalten &#8211; sowohl im Hinblick darauf, was externe Akteure tun k\u00f6nnen und sollen, als auch hinsichtlich der Grenzen und Widerspr\u00fcche solcher Eingriffe in die inneren Angelegenheiten anderer Staaten. Im Mittelpunkt der Arbeit unseres Netzwerks steht die fachliche Auseinandersetzung mit einer gro\u00dfen Bandbreite an Fragestellungen mit Blick auf Grundlagen und Praxis der internationalen Demokratief\u00f6rderung. Unsere Expertise umfasst neben Akteuren, Strategien, Prozessen und Instrumenten der Demokratief\u00f6rderung auch verschiedene Weltregionen mit ihren jeweils spezifischen Bedingungen und Faktoren.<\/p>\n<p>Zur Zeit konzentrieren sich unsere Aktivit\u00e4ten und Publikationen auf das zentrale, aber h\u00e4ufig vernachl\u00e4ssigte Feld der Interaktion in der Demokratief\u00f6rderung. In der Forschung wird internationale Demokratief\u00f6rderung nach wie vor h\u00e4ufig nach dem Modell einer Einbahnstra\u00dfe analysiert: Externe Akteure tun etwas, das dann Auswirkungen im Empf\u00e4ngerland hat. Das EDP-Netzwerk hingegen nimmt den Interaktionsprozess, den Demokratief\u00f6rderung zwangsl\u00e4ufig impliziert, der bisher aber noch nicht systematisch erfasst und analysiert worden ist, ernst. Wir gehen in unserer Arbeit \u00fcber das unidirektionale Verst\u00e4ndnis von \u201eDemokratie-Export\u201c, \u201eSocial Engineering\u201c und \u201eSozialisierung\u201c hinaus, welches das Denken von Politiker*innen und Akademiker*innen \u00fcber Demokratief\u00f6rderung zu bestimmen scheint. Stattdessen analysieren wir, theoretisch und empirisch, welche Interaktionsprozesse entstehen und wie diese sich auswirken, wenn externe Demokratief\u00f6rderer auf die &#8222;Empf\u00e4nger&#8220; treffen, die sie versuchen zu beeinflussen.<\/p>\n<p>Unsere Arbeit wird von der Annahme geleitet, dass sowohl die Praktiker*innen als auch die Forscher*innen die gewichtigen Herausforderungen, die in der interaktiven Natur von Demokratief\u00f6rderung liegen, erst noch anerkennen und verstehen m\u00fcssen. Diese Herausforderungen haben nicht nur Implikationen f\u00fcr die Art und Weise, wie wir Demokratief\u00f6rderung analysieren, sie haben auch politische und praktische Relevanz: f\u00fcr das Potential von Demokratief\u00f6rderung, friedlich durchgef\u00fchrt und von allen Seiten als legitim und gewinnbringend anerkannt zu werden und dabei m\u00f6glichst autonomieschonend mit Blick auf die kollektive Selbstbestimmung der \u201eEmpf\u00e4nger\u201c zu sein.<\/p>\n<p>Das Netzwerk besch\u00e4ftigt sich also konkret mit der Frage, was genau passiert, wenn Demokratief\u00f6rderer mit lokalen &#8222;Empf\u00e4ngern&#8220; und &#8222;Zielgruppen&#8220; \u2013 Regierungen, politische Parteien, zivilgesellschaftliche Gruppen etc. \u2013 interagieren, die ihrerseits Akteure mit eigenen Interessen und Werten, Handlungsstrategien und -logiken sind: Wie reagieren lokale Akteure auf Demokratief\u00f6rderer; \u00fcbernehmen sie die von au\u00dfen gef\u00f6rderten demokratischen Normen oder widersetzen sie sich diesen; wie wird &#8222;Demokratiehilfe &#8222;angeeignet&#8220; oder umgeleitet? Wie verhalten sich auf der anderen Seite die Demokratief\u00f6rderer selbst, wenn ihre politischen Vorstellungen vor Ort in Frage gestellt oder sogar transformiert werden? Welche Dynamiken der Interaktion entstehen, und was sind die Folgen sowohl f\u00fcr Typus und Zustand der Demokratie in Empf\u00e4ngerl\u00e4ndern als auch f\u00fcr die Ausgestaltung der externen Demokratief\u00f6rderung? Mit der theoretischen und empirischen Untersuchung dieser Interaktionsprozesse leistet das Netzwerk wichtige Beitr\u00e4ge zu Forschung und Praxis der Demokratief\u00f6rderung.<\/p>\n<h2>Fr\u00fchere Forschungsvorhaben<\/h2>\n<h3>Sonderausgaben<\/h3>\n<ul>\n<li>2019. Publikation der Sonderausgabe \u201cThe negotiation of democracy promotion. Issues, parameters and consequences\u201c in der Zeitschrift <em>Democratization <\/em> (Vol. 26, No. 5).<\/li>\n<li>2012. Publikation der Sonderausgabe \u201eDo all Good Things Go Together? Conflicting Objectives in Democracy Promotion\u201c\u00a0in der Zeitschrift <em>Democratization (Vol. 19, No. 3)<\/em>; nachgedruckt als Special Issue Book bei Routledge.<\/li>\n<\/ul>\n<h3>Demokratief\u00f6rderung als Interaktion<\/h3>\n<ul>\n<li>2017. Organisation des Workshops \u201c\u2019Whither the End of the Liberal Order.\u2019 Do Societal Values Influence the Effectiveness of Democracy Support?\u201d am Deutschen Institut f\u00fcr Entwicklungspolitik (DIE) in Bonn.<\/li>\n<li>2016. Organisation des Workshops \u201eDemocracy Promotion as Interaction: Rethinking the External-Internal Interplay in International Relations&#8220; in der Hessischen Stiftung Friedens- und Konfliktforschung (HSFK) in Frankfurt am Main.<\/li>\n<li>2015. Organisation des Expertenworkshops \u201eInteraction between Internal and External Actors in Democracy Promotion\u201c am Deutschen Institut f\u00fcr Entwicklungspolitik (DIE) in Bonn.<\/li>\n<\/ul>\n<h3>\u201cCritical Junctures\u201d und die F\u00f6rderung demokratischer Prozesse<\/h3>\n<ul>\n<li>2015. Organisation des Panels \u201eHow do They Deal with Critical Junctures? External and Domestic Actors in Times of Crisis\u201d im Rahmen der Jahrskonferenz der <em>International Studies Association <\/em>(ISA) in New Orleans.<\/li>\n<li>2013. Organisation des Panels \u201eCritical Junctures in Democracy Promotion\u201d im Rahmen der Generalkonferenz des <em>European Consortium for Political Research<\/em> (ECPR) in Bordeaux.<\/li>\n<\/ul>\n<h3>Challenges in Democracy Promotion<\/h3>\n<ul>\n<li>2019. Organisation des Workshops \u201cWhy to Fight against Dictatorship at high personal costs? Studying political activism and its leadership in autocracies\u201d in der Hessischen Stiftung Friedens- und Konfliktforschung (HSFK) in Frankfurt am Main.<\/li>\n<li>2012. Organisation des Panels \u201cGlobal Challenges in Democracy Promotion: The Actors\u201d und des Panels \u201cGlobal Challenges in Democracy Promotion: The Issues\u201d im Rahmen der gemeinsamen Konferenz der <em>British International Studies Association<\/em> (BISA) und der <em>International Studies Association<\/em> (ISA) in Edinburgh.<\/li>\n<li>2011. Organisation des Panels \u201eReligious Actors in Democratization Consolidation: Evidence from the Five Muslim Democracies\u201c im Rahmen der Jahreskonferenz der <em>American Political Science Association<\/em> (APSA) in Seattle.<\/li>\n<\/ul>\n<h3>Zielkonflikte in der Demokratief\u00f6rderung<\/h3>\n<ul>\n<li>2011. Organisation eines Autorenworkshops in Z\u00fcrich, finanziert durch den Schweizerischen Nationalfonds und den\u00a0<em>NCCR Democracy<\/em>. Mehr dazu im\u00a0Newsletter\u00a0 9 (2011) des NCCR Democracy\u00a0(S. 16-17).<\/li>\n<li>2010. Organisation der Sektion 13 \u201eChallenges of Democracy Promotion: Do All Good Things Go Together?\u201d mit 7 Panels im Rahmen der Konferenz der <em>Standing Group International Relations<\/em> in Stockholm.<\/li>\n<\/ul>\n","protected":false},"excerpt":{"rendered":"<p>Besondere Prominenz hat das Thema der externen Demokratief\u00f6rderung im Rahmen der vom ehemaligen US-Pr\u00e4sidenten Bush verfolgten und viel kritisierten &#8222;Freedom Agenda&#8220; erhalten. Vor allem der durch Pr\u00e4sident Bushs Politik vermittelte Eindruck, Demokratief\u00f6rderung sei eine Politik des Regimewechsels durch milit\u00e4rische Mittel, &#8230;<\/p>\n","protected":false},"author":1,"featured_media":86,"parent":0,"menu_order":30,"comment_status":"closed","ping_status":"closed","template":"","meta":{"_acf_changed":false,"footnotes":""},"class_list":["post-19","page","type-page","status-publish","has-post-thumbnail","hentry"],"acf":[],"yoast_head":"<!-- This site is optimized with the Yoast SEO plugin v27.4 - https:\/\/yoast.com\/product\/yoast-seo-wordpress\/ -->\n<title>Forschung - EDP Netzwerk<\/title>\n<meta name=\"description\" content=\"Besondere Prominenz hat das Thema der externen Demokratief\u00f6rderung im Rahmen der vom ehemaligen US-Pr\u00e4sidenten Bush verfolgten und viel kritisierten\" \/>\n<meta name=\"robots\" content=\"index, follow, max-snippet:-1, max-image-preview:large, max-video-preview:-1\" \/>\n<link rel=\"canonical\" href=\"https:\/\/www.external-democracy-promotion.eu\/de\/forschung\/\" \/>\n<meta property=\"og:locale\" content=\"de_DE\" \/>\n<meta property=\"og:type\" content=\"article\" \/>\n<meta property=\"og:title\" content=\"Forschung - EDP Netzwerk\" \/>\n<meta property=\"og:description\" content=\"Besondere Prominenz hat das Thema der externen Demokratief\u00f6rderung im Rahmen der vom ehemaligen US-Pr\u00e4sidenten Bush verfolgten und viel kritisierten\" \/>\n<meta property=\"og:url\" content=\"https:\/\/www.external-democracy-promotion.eu\/de\/forschung\/\" \/>\n<meta property=\"og:site_name\" content=\"EDP Network\" \/>\n<meta property=\"article:modified_time\" content=\"2020-02-04T17:35:44+00:00\" \/>\n<meta property=\"og:image\" content=\"https:\/\/www.external-democracy-promotion.eu\/de\/wp-content\/uploads\/sites\/3\/2016\/01\/EDP-Research-Teaser.jpg\" \/>\n\t<meta property=\"og:image:width\" content=\"356\" \/>\n\t<meta property=\"og:image:height\" content=\"228\" \/>\n\t<meta property=\"og:image:type\" content=\"image\/jpeg\" \/>\n<meta name=\"twitter:card\" content=\"summary_large_image\" \/>\n<meta name=\"twitter:label1\" content=\"Gesch\u00e4tzte Lesezeit\" \/>\n\t<meta name=\"twitter:data1\" content=\"4\u00a0Minuten\" \/>\n<script type=\"application\/ld+json\" class=\"yoast-schema-graph\">{\"@context\":\"https:\\\/\\\/schema.org\",\"@graph\":[{\"@type\":\"WebPage\",\"@id\":\"https:\\\/\\\/www.external-democracy-promotion.eu\\\/de\\\/forschung\\\/\",\"url\":\"https:\\\/\\\/www.external-democracy-promotion.eu\\\/de\\\/forschung\\\/\",\"name\":\"Forschung - EDP Netzwerk\",\"isPartOf\":{\"@id\":\"https:\\\/\\\/www.external-democracy-promotion.eu\\\/de\\\/#website\"},\"primaryImageOfPage\":{\"@id\":\"https:\\\/\\\/www.external-democracy-promotion.eu\\\/de\\\/forschung\\\/#primaryimage\"},\"image\":{\"@id\":\"https:\\\/\\\/www.external-democracy-promotion.eu\\\/de\\\/forschung\\\/#primaryimage\"},\"thumbnailUrl\":\"https:\\\/\\\/www.external-democracy-promotion.eu\\\/de\\\/wp-content\\\/uploads\\\/sites\\\/3\\\/2016\\\/01\\\/EDP-Research-Teaser.jpg\",\"datePublished\":\"2016-01-13T18:35:24+00:00\",\"dateModified\":\"2020-02-04T17:35:44+00:00\",\"description\":\"Besondere Prominenz hat das Thema der externen Demokratief\u00f6rderung im Rahmen der vom ehemaligen US-Pr\u00e4sidenten Bush verfolgten und viel kritisierten\",\"breadcrumb\":{\"@id\":\"https:\\\/\\\/www.external-democracy-promotion.eu\\\/de\\\/forschung\\\/#breadcrumb\"},\"inLanguage\":\"de\",\"potentialAction\":[{\"@type\":\"ReadAction\",\"target\":[\"https:\\\/\\\/www.external-democracy-promotion.eu\\\/de\\\/forschung\\\/\"]}]},{\"@type\":\"ImageObject\",\"inLanguage\":\"de\",\"@id\":\"https:\\\/\\\/www.external-democracy-promotion.eu\\\/de\\\/forschung\\\/#primaryimage\",\"url\":\"https:\\\/\\\/www.external-democracy-promotion.eu\\\/de\\\/wp-content\\\/uploads\\\/sites\\\/3\\\/2016\\\/01\\\/EDP-Research-Teaser.jpg\",\"contentUrl\":\"https:\\\/\\\/www.external-democracy-promotion.eu\\\/de\\\/wp-content\\\/uploads\\\/sites\\\/3\\\/2016\\\/01\\\/EDP-Research-Teaser.jpg\",\"width\":356,\"height\":228},{\"@type\":\"BreadcrumbList\",\"@id\":\"https:\\\/\\\/www.external-democracy-promotion.eu\\\/de\\\/forschung\\\/#breadcrumb\",\"itemListElement\":[{\"@type\":\"ListItem\",\"position\":1,\"name\":\"Home\",\"item\":\"https:\\\/\\\/www.external-democracy-promotion.eu\\\/de\\\/\"},{\"@type\":\"ListItem\",\"position\":2,\"name\":\"Forschung\"}]},{\"@type\":\"WebSite\",\"@id\":\"https:\\\/\\\/www.external-democracy-promotion.eu\\\/de\\\/#website\",\"url\":\"https:\\\/\\\/www.external-democracy-promotion.eu\\\/de\\\/\",\"name\":\"EDP Network\",\"description\":\"Deutsche Website\",\"potentialAction\":[{\"@type\":\"SearchAction\",\"target\":{\"@type\":\"EntryPoint\",\"urlTemplate\":\"https:\\\/\\\/www.external-democracy-promotion.eu\\\/de\\\/?s={search_term_string}\"},\"query-input\":{\"@type\":\"PropertyValueSpecification\",\"valueRequired\":true,\"valueName\":\"search_term_string\"}}],\"inLanguage\":\"de\"}]}<\/script>\n<!-- \/ Yoast SEO plugin. -->","yoast_head_json":{"title":"Forschung - EDP Netzwerk","description":"Besondere Prominenz hat das Thema der externen Demokratief\u00f6rderung im Rahmen der vom ehemaligen US-Pr\u00e4sidenten Bush verfolgten und viel kritisierten","robots":{"index":"index","follow":"follow","max-snippet":"max-snippet:-1","max-image-preview":"max-image-preview:large","max-video-preview":"max-video-preview:-1"},"canonical":"https:\/\/www.external-democracy-promotion.eu\/de\/forschung\/","og_locale":"de_DE","og_type":"article","og_title":"Forschung - EDP Netzwerk","og_description":"Besondere Prominenz hat das Thema der externen Demokratief\u00f6rderung im Rahmen der vom ehemaligen US-Pr\u00e4sidenten Bush verfolgten und viel kritisierten","og_url":"https:\/\/www.external-democracy-promotion.eu\/de\/forschung\/","og_site_name":"EDP Network","article_modified_time":"2020-02-04T17:35:44+00:00","og_image":[{"width":356,"height":228,"url":"https:\/\/www.external-democracy-promotion.eu\/de\/wp-content\/uploads\/sites\/3\/2016\/01\/EDP-Research-Teaser.jpg","type":"image\/jpeg"}],"twitter_card":"summary_large_image","twitter_misc":{"Gesch\u00e4tzte Lesezeit":"4\u00a0Minuten"},"schema":{"@context":"https:\/\/schema.org","@graph":[{"@type":"WebPage","@id":"https:\/\/www.external-democracy-promotion.eu\/de\/forschung\/","url":"https:\/\/www.external-democracy-promotion.eu\/de\/forschung\/","name":"Forschung - EDP Netzwerk","isPartOf":{"@id":"https:\/\/www.external-democracy-promotion.eu\/de\/#website"},"primaryImageOfPage":{"@id":"https:\/\/www.external-democracy-promotion.eu\/de\/forschung\/#primaryimage"},"image":{"@id":"https:\/\/www.external-democracy-promotion.eu\/de\/forschung\/#primaryimage"},"thumbnailUrl":"https:\/\/www.external-democracy-promotion.eu\/de\/wp-content\/uploads\/sites\/3\/2016\/01\/EDP-Research-Teaser.jpg","datePublished":"2016-01-13T18:35:24+00:00","dateModified":"2020-02-04T17:35:44+00:00","description":"Besondere Prominenz hat das Thema der externen Demokratief\u00f6rderung im Rahmen der vom ehemaligen US-Pr\u00e4sidenten Bush verfolgten und viel kritisierten","breadcrumb":{"@id":"https:\/\/www.external-democracy-promotion.eu\/de\/forschung\/#breadcrumb"},"inLanguage":"de","potentialAction":[{"@type":"ReadAction","target":["https:\/\/www.external-democracy-promotion.eu\/de\/forschung\/"]}]},{"@type":"ImageObject","inLanguage":"de","@id":"https:\/\/www.external-democracy-promotion.eu\/de\/forschung\/#primaryimage","url":"https:\/\/www.external-democracy-promotion.eu\/de\/wp-content\/uploads\/sites\/3\/2016\/01\/EDP-Research-Teaser.jpg","contentUrl":"https:\/\/www.external-democracy-promotion.eu\/de\/wp-content\/uploads\/sites\/3\/2016\/01\/EDP-Research-Teaser.jpg","width":356,"height":228},{"@type":"BreadcrumbList","@id":"https:\/\/www.external-democracy-promotion.eu\/de\/forschung\/#breadcrumb","itemListElement":[{"@type":"ListItem","position":1,"name":"Home","item":"https:\/\/www.external-democracy-promotion.eu\/de\/"},{"@type":"ListItem","position":2,"name":"Forschung"}]},{"@type":"WebSite","@id":"https:\/\/www.external-democracy-promotion.eu\/de\/#website","url":"https:\/\/www.external-democracy-promotion.eu\/de\/","name":"EDP Network","description":"Deutsche Website","potentialAction":[{"@type":"SearchAction","target":{"@type":"EntryPoint","urlTemplate":"https:\/\/www.external-democracy-promotion.eu\/de\/?s={search_term_string}"},"query-input":{"@type":"PropertyValueSpecification","valueRequired":true,"valueName":"search_term_string"}}],"inLanguage":"de"}]}},"_links":{"self":[{"href":"https:\/\/www.external-democracy-promotion.eu\/de\/wp-json\/wp\/v2\/pages\/19","targetHints":{"allow":["GET"]}}],"collection":[{"href":"https:\/\/www.external-democracy-promotion.eu\/de\/wp-json\/wp\/v2\/pages"}],"about":[{"href":"https:\/\/www.external-democracy-promotion.eu\/de\/wp-json\/wp\/v2\/types\/page"}],"author":[{"embeddable":true,"href":"https:\/\/www.external-democracy-promotion.eu\/de\/wp-json\/wp\/v2\/users\/1"}],"replies":[{"embeddable":true,"href":"https:\/\/www.external-democracy-promotion.eu\/de\/wp-json\/wp\/v2\/comments?post=19"}],"version-history":[{"count":18,"href":"https:\/\/www.external-democracy-promotion.eu\/de\/wp-json\/wp\/v2\/pages\/19\/revisions"}],"predecessor-version":[{"id":2405,"href":"https:\/\/www.external-democracy-promotion.eu\/de\/wp-json\/wp\/v2\/pages\/19\/revisions\/2405"}],"wp:featuredmedia":[{"embeddable":true,"href":"https:\/\/www.external-democracy-promotion.eu\/de\/wp-json\/wp\/v2\/media\/86"}],"wp:attachment":[{"href":"https:\/\/www.external-democracy-promotion.eu\/de\/wp-json\/wp\/v2\/media?parent=19"}],"curies":[{"name":"wp","href":"https:\/\/api.w.org\/{rel}","templated":true}]}}