{"id":21,"date":"2016-01-13T19:37:10","date_gmt":"2016-01-13T18:37:10","guid":{"rendered":"https:\/\/www.external-democracy-promotion.eu\/de\/?page_id=21"},"modified":"2017-07-18T17:32:22","modified_gmt":"2017-07-18T15:32:22","slug":"edp-wire","status":"publish","type":"page","link":"https:\/\/www.external-democracy-promotion.eu\/de\/edp-wire\/","title":{"rendered":"EDP Wire"},"content":{"rendered":"<p>Auf dem EDP Wire posten und diskutieren wir Themen und Meinungen, die mit unserer Forschung zusammenh\u00e4ngen und die uns wichtig sind. Sie finden hier &#8211; in englischer oder in deutscher Sprache &#8211; Meinungsbeitr\u00e4ge, Buchbesprechungen, Konferenzberichte, sowie wichtige Ank\u00fcndigungen. Haben Sie Interesse, einen Gastbeitrag zu schreiben? Dann kontaktieren Sie uns gerne!<\/p>\n","protected":false},"excerpt":{"rendered":"<p>Auf dem EDP Wire posten und diskutieren wir Themen und Meinungen, die mit unserer Forschung zusammenh\u00e4ngen und die uns wichtig sind. Sie finden hier &#8211; in englischer oder in deutscher Sprache &#8211; Meinungsbeitr\u00e4ge, Buchbesprechungen, Konferenzberichte, sowie wichtige Ank\u00fcndigungen. Haben Sie &#8230;<\/p>\n","protected":false},"author":1,"featured_media":87,"parent":0,"menu_order":20,"comment_status":"closed","ping_status":"closed","template":"page-wire.php","meta":{"_acf_changed":false,"footnotes":""},"class_list":["post-21","page","type-page","status-publish","has-post-thumbnail","hentry"],"acf":[],"yoast_head":"<!-- This site is optimized with the Yoast SEO plugin v27.4 - https:\/\/yoast.com\/product\/yoast-seo-wordpress\/ -->\n<title>EDP Wire - EDP Netzwerk<\/title>\n<meta name=\"description\" content=\"Auf dem EDP Wire posten und diskutieren wir Themen und Meinungen, die mit unserer Forschung zusammenh\u00e4ngen und die uns wichtig sind. Sie finden hier\" \/>\n<meta name=\"robots\" content=\"index, follow, max-snippet:-1, max-image-preview:large, max-video-preview:-1\" \/>\n<link rel=\"canonical\" href=\"https:\/\/www.external-democracy-promotion.eu\/de\/edp-wire\/\" \/>\n<meta property=\"og:locale\" content=\"de_DE\" \/>\n<meta property=\"og:type\" content=\"article\" \/>\n<meta property=\"og:title\" content=\"EDP Wire - EDP Netzwerk\" \/>\n<meta property=\"og:description\" content=\"Auf dem EDP Wire posten und diskutieren wir Themen und Meinungen, die mit unserer Forschung zusammenh\u00e4ngen und die uns wichtig sind. Sie finden hier\" \/>\n<meta property=\"og:url\" content=\"https:\/\/www.external-democracy-promotion.eu\/de\/edp-wire\/\" \/>\n<meta property=\"og:site_name\" content=\"EDP Network\" \/>\n<meta property=\"article:modified_time\" content=\"2017-07-18T15:32:22+00:00\" \/>\n<meta property=\"og:image\" content=\"https:\/\/www.external-democracy-promotion.eu\/de\/wp-content\/uploads\/sites\/3\/2016\/01\/EDP-Wire-Teaser.jpg\" \/>\n\t<meta property=\"og:image:width\" content=\"356\" \/>\n\t<meta property=\"og:image:height\" content=\"228\" \/>\n\t<meta property=\"og:image:type\" content=\"image\/jpeg\" \/>\n<meta name=\"twitter:card\" content=\"summary_large_image\" \/>\n<script type=\"application\/ld+json\" class=\"yoast-schema-graph\">{\"@context\":\"https:\\\/\\\/schema.org\",\"@graph\":[{\"@type\":\"WebPage\",\"@id\":\"https:\\\/\\\/www.external-democracy-promotion.eu\\\/de\\\/edp-wire\\\/\",\"url\":\"https:\\\/\\\/www.external-democracy-promotion.eu\\\/de\\\/edp-wire\\\/\",\"name\":\"EDP Wire - EDP Netzwerk\",\"isPartOf\":{\"@id\":\"https:\\\/\\\/www.external-democracy-promotion.eu\\\/de\\\/#website\"},\"primaryImageOfPage\":{\"@id\":\"https:\\\/\\\/www.external-democracy-promotion.eu\\\/de\\\/edp-wire\\\/#primaryimage\"},\"image\":{\"@id\":\"https:\\\/\\\/www.external-democracy-promotion.eu\\\/de\\\/edp-wire\\\/#primaryimage\"},\"thumbnailUrl\":\"https:\\\/\\\/www.external-democracy-promotion.eu\\\/de\\\/wp-content\\\/uploads\\\/sites\\\/3\\\/2016\\\/01\\\/EDP-Wire-Teaser.jpg\",\"datePublished\":\"2016-01-13T18:37:10+00:00\",\"dateModified\":\"2017-07-18T15:32:22+00:00\",\"description\":\"Auf dem EDP Wire posten und diskutieren wir Themen und Meinungen, die mit unserer Forschung zusammenh\u00e4ngen und die uns wichtig sind. Sie finden hier\",\"breadcrumb\":{\"@id\":\"https:\\\/\\\/www.external-democracy-promotion.eu\\\/de\\\/edp-wire\\\/#breadcrumb\"},\"inLanguage\":\"de\",\"potentialAction\":[{\"@type\":\"ReadAction\",\"target\":[\"https:\\\/\\\/www.external-democracy-promotion.eu\\\/de\\\/edp-wire\\\/\"]}]},{\"@type\":\"ImageObject\",\"inLanguage\":\"de\",\"@id\":\"https:\\\/\\\/www.external-democracy-promotion.eu\\\/de\\\/edp-wire\\\/#primaryimage\",\"url\":\"https:\\\/\\\/www.external-democracy-promotion.eu\\\/de\\\/wp-content\\\/uploads\\\/sites\\\/3\\\/2016\\\/01\\\/EDP-Wire-Teaser.jpg\",\"contentUrl\":\"https:\\\/\\\/www.external-democracy-promotion.eu\\\/de\\\/wp-content\\\/uploads\\\/sites\\\/3\\\/2016\\\/01\\\/EDP-Wire-Teaser.jpg\",\"width\":356,\"height\":228},{\"@type\":\"BreadcrumbList\",\"@id\":\"https:\\\/\\\/www.external-democracy-promotion.eu\\\/de\\\/edp-wire\\\/#breadcrumb\",\"itemListElement\":[{\"@type\":\"ListItem\",\"position\":1,\"name\":\"Home\",\"item\":\"https:\\\/\\\/www.external-democracy-promotion.eu\\\/de\\\/\"},{\"@type\":\"ListItem\",\"position\":2,\"name\":\"EDP Wire\"}]},{\"@type\":\"WebSite\",\"@id\":\"https:\\\/\\\/www.external-democracy-promotion.eu\\\/de\\\/#website\",\"url\":\"https:\\\/\\\/www.external-democracy-promotion.eu\\\/de\\\/\",\"name\":\"EDP Network\",\"description\":\"Deutsche Website\",\"potentialAction\":[{\"@type\":\"SearchAction\",\"target\":{\"@type\":\"EntryPoint\",\"urlTemplate\":\"https:\\\/\\\/www.external-democracy-promotion.eu\\\/de\\\/?s={search_term_string}\"},\"query-input\":{\"@type\":\"PropertyValueSpecification\",\"valueRequired\":true,\"valueName\":\"search_term_string\"}}],\"inLanguage\":\"de\"}]}<\/script>\n<!-- \/ Yoast SEO plugin. -->","yoast_head_json":{"title":"EDP Wire - EDP Netzwerk","description":"Auf dem EDP Wire posten und diskutieren wir Themen und Meinungen, die mit unserer Forschung zusammenh\u00e4ngen und die uns wichtig sind. Sie finden hier","robots":{"index":"index","follow":"follow","max-snippet":"max-snippet:-1","max-image-preview":"max-image-preview:large","max-video-preview":"max-video-preview:-1"},"canonical":"https:\/\/www.external-democracy-promotion.eu\/de\/edp-wire\/","og_locale":"de_DE","og_type":"article","og_title":"EDP Wire - EDP Netzwerk","og_description":"Auf dem EDP Wire posten und diskutieren wir Themen und Meinungen, die mit unserer Forschung zusammenh\u00e4ngen und die uns wichtig sind. Sie finden hier","og_url":"https:\/\/www.external-democracy-promotion.eu\/de\/edp-wire\/","og_site_name":"EDP Network","article_modified_time":"2017-07-18T15:32:22+00:00","og_image":[{"width":356,"height":228,"url":"https:\/\/www.external-democracy-promotion.eu\/de\/wp-content\/uploads\/sites\/3\/2016\/01\/EDP-Wire-Teaser.jpg","type":"image\/jpeg"}],"twitter_card":"summary_large_image","schema":{"@context":"https:\/\/schema.org","@graph":[{"@type":"WebPage","@id":"https:\/\/www.external-democracy-promotion.eu\/de\/edp-wire\/","url":"https:\/\/www.external-democracy-promotion.eu\/de\/edp-wire\/","name":"EDP Wire - EDP Netzwerk","isPartOf":{"@id":"https:\/\/www.external-democracy-promotion.eu\/de\/#website"},"primaryImageOfPage":{"@id":"https:\/\/www.external-democracy-promotion.eu\/de\/edp-wire\/#primaryimage"},"image":{"@id":"https:\/\/www.external-democracy-promotion.eu\/de\/edp-wire\/#primaryimage"},"thumbnailUrl":"https:\/\/www.external-democracy-promotion.eu\/de\/wp-content\/uploads\/sites\/3\/2016\/01\/EDP-Wire-Teaser.jpg","datePublished":"2016-01-13T18:37:10+00:00","dateModified":"2017-07-18T15:32:22+00:00","description":"Auf dem EDP Wire posten und diskutieren wir Themen und Meinungen, die mit unserer Forschung zusammenh\u00e4ngen und die uns wichtig sind. Sie finden hier","breadcrumb":{"@id":"https:\/\/www.external-democracy-promotion.eu\/de\/edp-wire\/#breadcrumb"},"inLanguage":"de","potentialAction":[{"@type":"ReadAction","target":["https:\/\/www.external-democracy-promotion.eu\/de\/edp-wire\/"]}]},{"@type":"ImageObject","inLanguage":"de","@id":"https:\/\/www.external-democracy-promotion.eu\/de\/edp-wire\/#primaryimage","url":"https:\/\/www.external-democracy-promotion.eu\/de\/wp-content\/uploads\/sites\/3\/2016\/01\/EDP-Wire-Teaser.jpg","contentUrl":"https:\/\/www.external-democracy-promotion.eu\/de\/wp-content\/uploads\/sites\/3\/2016\/01\/EDP-Wire-Teaser.jpg","width":356,"height":228},{"@type":"BreadcrumbList","@id":"https:\/\/www.external-democracy-promotion.eu\/de\/edp-wire\/#breadcrumb","itemListElement":[{"@type":"ListItem","position":1,"name":"Home","item":"https:\/\/www.external-democracy-promotion.eu\/de\/"},{"@type":"ListItem","position":2,"name":"EDP Wire"}]},{"@type":"WebSite","@id":"https:\/\/www.external-democracy-promotion.eu\/de\/#website","url":"https:\/\/www.external-democracy-promotion.eu\/de\/","name":"EDP Network","description":"Deutsche Website","potentialAction":[{"@type":"SearchAction","target":{"@type":"EntryPoint","urlTemplate":"https:\/\/www.external-democracy-promotion.eu\/de\/?s={search_term_string}"},"query-input":{"@type":"PropertyValueSpecification","valueRequired":true,"valueName":"search_term_string"}}],"inLanguage":"de"}]}},"_links":{"self":[{"href":"https:\/\/www.external-democracy-promotion.eu\/de\/wp-json\/wp\/v2\/pages\/21","targetHints":{"allow":["GET"]}}],"collection":[{"href":"https:\/\/www.external-democracy-promotion.eu\/de\/wp-json\/wp\/v2\/pages"}],"about":[{"href":"https:\/\/www.external-democracy-promotion.eu\/de\/wp-json\/wp\/v2\/types\/page"}],"author":[{"embeddable":true,"href":"https:\/\/www.external-democracy-promotion.eu\/de\/wp-json\/wp\/v2\/users\/1"}],"replies":[{"embeddable":true,"href":"https:\/\/www.external-democracy-promotion.eu\/de\/wp-json\/wp\/v2\/comments?post=21"}],"version-history":[{"count":4,"href":"https:\/\/www.external-democracy-promotion.eu\/de\/wp-json\/wp\/v2\/pages\/21\/revisions"}],"predecessor-version":[{"id":854,"href":"https:\/\/www.external-democracy-promotion.eu\/de\/wp-json\/wp\/v2\/pages\/21\/revisions\/854"}],"wp:featuredmedia":[{"embeddable":true,"href":"https:\/\/www.external-democracy-promotion.eu\/de\/wp-json\/wp\/v2\/media\/87"}],"wp:attachment":[{"href":"https:\/\/www.external-democracy-promotion.eu\/de\/wp-json\/wp\/v2\/media?parent=21"}],"curies":[{"name":"wp","href":"https:\/\/api.w.org\/{rel}","templated":true}]}}