{"id":61,"date":"2016-01-13T20:57:52","date_gmt":"2016-01-13T19:57:52","guid":{"rendered":"https:\/\/www.external-democracy-promotion.eu\/de\/?page_id=61"},"modified":"2016-03-08T10:37:32","modified_gmt":"2016-03-08T09:37:32","slug":"publikationen","status":"publish","type":"page","link":"https:\/\/www.external-democracy-promotion.eu\/de\/publikationen\/","title":{"rendered":"Publikationen"},"content":{"rendered":"<p>Hier finden Sie &#8211; nach Jahreszahlen sortiert &#8211; einen \u00dcberblick \u00fcber alle Publikationen aus dem EDP-Netzwerk. Wenn Sie sich f\u00fcr die Publikationen eines bestimmten Netzwerkmitglieds interessieren, finden Sie diese auf den jeweiligen <a href=\"https:\/\/www.external-democracy-promotion.eu\/de\/ueber-uns\/\">Profilseiten<\/a>.<\/p>\n<div class=\"archive-years\"><ul class=\"awDatesUL\"><li class=\"awDatesLI\"><a href=\"https:\/\/www.external-democracy-promotion.eu\/de\/publikationen\/archiv\/?2026\">2026<\/a><\/li><li class=\"awDatesLI\"><a href=\"https:\/\/www.external-democracy-promotion.eu\/de\/publikationen\/archiv\/?2025\">2025<\/a><\/li><li class=\"awDatesLI\"><a href=\"https:\/\/www.external-democracy-promotion.eu\/de\/publikationen\/archiv\/?2024\">2024<\/a><\/li><li class=\"awDatesLI\"><a href=\"https:\/\/www.external-democracy-promotion.eu\/de\/publikationen\/archiv\/?2023\">2023<\/a><\/li><li class=\"awDatesLI\"><a href=\"https:\/\/www.external-democracy-promotion.eu\/de\/publikationen\/archiv\/?2022\">2022<\/a><\/li><li class=\"awDatesLI\"><a href=\"https:\/\/www.external-democracy-promotion.eu\/de\/publikationen\/archiv\/?2021\">2021<\/a><\/li><li class=\"awDatesLI\"><a href=\"https:\/\/www.external-democracy-promotion.eu\/de\/publikationen\/archiv\/?2020\">2020<\/a><\/li><li class=\"awDatesLI\"><a href=\"https:\/\/www.external-democracy-promotion.eu\/de\/publikationen\/archiv\/?2019\">2019<\/a><\/li><li class=\"awDatesLI\"><a href=\"https:\/\/www.external-democracy-promotion.eu\/de\/publikationen\/archiv\/?2018\">2018<\/a><\/li><li class=\"awDatesLI\"><a href=\"https:\/\/www.external-democracy-promotion.eu\/de\/publikationen\/archiv\/?2017\">2017<\/a><\/li><li class=\"awDatesLI\"><a href=\"https:\/\/www.external-democracy-promotion.eu\/de\/publikationen\/archiv\/?2016\">2016<\/a><\/li><li class=\"awDatesLI\"><a href=\"https:\/\/www.external-democracy-promotion.eu\/de\/publikationen\/archiv\/?2015\">2015<\/a><\/li><li class=\"awDatesLI\"><a href=\"https:\/\/www.external-democracy-promotion.eu\/de\/publikationen\/archiv\/?2014\">2014<\/a><\/li><li class=\"awDatesLI\"><a href=\"https:\/\/www.external-democracy-promotion.eu\/de\/publikationen\/archiv\/?2013\">2013<\/a><\/li><li class=\"awDatesLI\"><a href=\"https:\/\/www.external-democracy-promotion.eu\/de\/publikationen\/archiv\/?2012\">2012<\/a><\/li><li class=\"awDatesLI\"><a href=\"https:\/\/www.external-democracy-promotion.eu\/de\/publikationen\/archiv\/?2011\">2011<\/a><\/li><li class=\"awDatesLI\"><a href=\"https:\/\/www.external-democracy-promotion.eu\/de\/publikationen\/archiv\/?2010\">2010<\/a><\/li><li class=\"awDatesLI\"><a href=\"https:\/\/www.external-democracy-promotion.eu\/de\/publikationen\/archiv\/?2009\">2009<\/a><\/li><li class=\"awDatesLI\"><a href=\"https:\/\/www.external-democracy-promotion.eu\/de\/publikationen\/archiv\/?2008\">2008<\/a><\/li><li class=\"awDatesLI\"><a href=\"https:\/\/www.external-democracy-promotion.eu\/de\/publikationen\/archiv\/?2007\">2007<\/a><\/li><li class=\"awDatesLI\"><a href=\"https:\/\/www.external-democracy-promotion.eu\/de\/publikationen\/archiv\/?2006\">2006<\/a><\/li><li class=\"awDatesLI\"><a href=\"https:\/\/www.external-democracy-promotion.eu\/de\/publikationen\/archiv\/?2005\">2005<\/a><\/li><li class=\"awDatesLI\"><a href=\"https:\/\/www.external-democracy-promotion.eu\/de\/publikationen\/archiv\/?2004\">2004<\/a><\/li><li class=\"awDatesLI\"><a href=\"https:\/\/www.external-democracy-promotion.eu\/de\/publikationen\/archiv\/?2003\">2003<\/a><\/li><\/ul><\/div>\n","protected":false},"excerpt":{"rendered":"<p>Hier finden Sie &#8211; nach Jahreszahlen sortiert &#8211; einen \u00dcberblick \u00fcber alle Publikationen aus dem EDP-Netzwerk. Wenn Sie sich f\u00fcr die Publikationen eines bestimmten Netzwerkmitglieds interessieren, finden Sie diese auf den jeweiligen Profilseiten.<\/p>\n","protected":false},"author":1,"featured_media":0,"parent":0,"menu_order":50,"comment_status":"closed","ping_status":"closed","template":"page-publications.php","meta":{"_acf_changed":false,"footnotes":""},"class_list":["post-61","page","type-page","status-publish","hentry"],"acf":[],"yoast_head":"<!-- This site is optimized with the Yoast SEO plugin v27.6 - https:\/\/yoast.com\/product\/yoast-seo-wordpress\/ -->\n<title>Publikationen - EDP Netzwerk<\/title>\n<meta name=\"description\" content=\"Hier finden Sie - nach Jahreszahlen sortiert - einen \u00dcberblick \u00fcber alle Publikationen aus dem EDP-Netzwerk. Wenn Sie sich f\u00fcr die Publikationen eines\" \/>\n<meta name=\"robots\" content=\"index, follow, max-snippet:-1, max-image-preview:large, max-video-preview:-1\" \/>\n<link rel=\"canonical\" href=\"https:\/\/www.external-democracy-promotion.eu\/de\/publikationen\/\" \/>\n<meta property=\"og:locale\" content=\"de_DE\" \/>\n<meta property=\"og:type\" content=\"article\" \/>\n<meta property=\"og:title\" content=\"Publikationen - EDP Netzwerk\" \/>\n<meta property=\"og:description\" content=\"Hier finden Sie - nach Jahreszahlen sortiert - einen \u00dcberblick \u00fcber alle Publikationen aus dem EDP-Netzwerk. Wenn Sie sich f\u00fcr die Publikationen eines\" \/>\n<meta property=\"og:url\" content=\"https:\/\/www.external-democracy-promotion.eu\/de\/publikationen\/\" \/>\n<meta property=\"og:site_name\" content=\"EDP Network\" \/>\n<meta property=\"article:modified_time\" content=\"2016-03-08T09:37:32+00:00\" \/>\n<meta name=\"twitter:card\" content=\"summary_large_image\" \/>\n<script type=\"application\/ld+json\" class=\"yoast-schema-graph\">{\"@context\":\"https:\\\/\\\/schema.org\",\"@graph\":[{\"@type\":\"WebPage\",\"@id\":\"https:\\\/\\\/www.external-democracy-promotion.eu\\\/de\\\/publikationen\\\/\",\"url\":\"https:\\\/\\\/www.external-democracy-promotion.eu\\\/de\\\/publikationen\\\/\",\"name\":\"Publikationen - EDP Netzwerk\",\"isPartOf\":{\"@id\":\"https:\\\/\\\/www.external-democracy-promotion.eu\\\/de\\\/#website\"},\"datePublished\":\"2016-01-13T19:57:52+00:00\",\"dateModified\":\"2016-03-08T09:37:32+00:00\",\"description\":\"Hier finden Sie - nach Jahreszahlen sortiert - einen \u00dcberblick \u00fcber alle Publikationen aus dem EDP-Netzwerk. Wenn Sie sich f\u00fcr die Publikationen eines\",\"breadcrumb\":{\"@id\":\"https:\\\/\\\/www.external-democracy-promotion.eu\\\/de\\\/publikationen\\\/#breadcrumb\"},\"inLanguage\":\"de\",\"potentialAction\":[{\"@type\":\"ReadAction\",\"target\":[\"https:\\\/\\\/www.external-democracy-promotion.eu\\\/de\\\/publikationen\\\/\"]}]},{\"@type\":\"BreadcrumbList\",\"@id\":\"https:\\\/\\\/www.external-democracy-promotion.eu\\\/de\\\/publikationen\\\/#breadcrumb\",\"itemListElement\":[{\"@type\":\"ListItem\",\"position\":1,\"name\":\"Home\",\"item\":\"https:\\\/\\\/www.external-democracy-promotion.eu\\\/de\\\/\"},{\"@type\":\"ListItem\",\"position\":2,\"name\":\"Publikationen\"}]},{\"@type\":\"WebSite\",\"@id\":\"https:\\\/\\\/www.external-democracy-promotion.eu\\\/de\\\/#website\",\"url\":\"https:\\\/\\\/www.external-democracy-promotion.eu\\\/de\\\/\",\"name\":\"EDP Network\",\"description\":\"Deutsche Website\",\"potentialAction\":[{\"@type\":\"SearchAction\",\"target\":{\"@type\":\"EntryPoint\",\"urlTemplate\":\"https:\\\/\\\/www.external-democracy-promotion.eu\\\/de\\\/?s={search_term_string}\"},\"query-input\":{\"@type\":\"PropertyValueSpecification\",\"valueRequired\":true,\"valueName\":\"search_term_string\"}}],\"inLanguage\":\"de\"}]}<\/script>\n<!-- \/ Yoast SEO plugin. -->","yoast_head_json":{"title":"Publikationen - EDP Netzwerk","description":"Hier finden Sie - nach Jahreszahlen sortiert - einen \u00dcberblick \u00fcber alle Publikationen aus dem EDP-Netzwerk. Wenn Sie sich f\u00fcr die Publikationen eines","robots":{"index":"index","follow":"follow","max-snippet":"max-snippet:-1","max-image-preview":"max-image-preview:large","max-video-preview":"max-video-preview:-1"},"canonical":"https:\/\/www.external-democracy-promotion.eu\/de\/publikationen\/","og_locale":"de_DE","og_type":"article","og_title":"Publikationen - EDP Netzwerk","og_description":"Hier finden Sie - nach Jahreszahlen sortiert - einen \u00dcberblick \u00fcber alle Publikationen aus dem EDP-Netzwerk. Wenn Sie sich f\u00fcr die Publikationen eines","og_url":"https:\/\/www.external-democracy-promotion.eu\/de\/publikationen\/","og_site_name":"EDP Network","article_modified_time":"2016-03-08T09:37:32+00:00","twitter_card":"summary_large_image","schema":{"@context":"https:\/\/schema.org","@graph":[{"@type":"WebPage","@id":"https:\/\/www.external-democracy-promotion.eu\/de\/publikationen\/","url":"https:\/\/www.external-democracy-promotion.eu\/de\/publikationen\/","name":"Publikationen - EDP Netzwerk","isPartOf":{"@id":"https:\/\/www.external-democracy-promotion.eu\/de\/#website"},"datePublished":"2016-01-13T19:57:52+00:00","dateModified":"2016-03-08T09:37:32+00:00","description":"Hier finden Sie - nach Jahreszahlen sortiert - einen \u00dcberblick \u00fcber alle Publikationen aus dem EDP-Netzwerk. Wenn Sie sich f\u00fcr die Publikationen eines","breadcrumb":{"@id":"https:\/\/www.external-democracy-promotion.eu\/de\/publikationen\/#breadcrumb"},"inLanguage":"de","potentialAction":[{"@type":"ReadAction","target":["https:\/\/www.external-democracy-promotion.eu\/de\/publikationen\/"]}]},{"@type":"BreadcrumbList","@id":"https:\/\/www.external-democracy-promotion.eu\/de\/publikationen\/#breadcrumb","itemListElement":[{"@type":"ListItem","position":1,"name":"Home","item":"https:\/\/www.external-democracy-promotion.eu\/de\/"},{"@type":"ListItem","position":2,"name":"Publikationen"}]},{"@type":"WebSite","@id":"https:\/\/www.external-democracy-promotion.eu\/de\/#website","url":"https:\/\/www.external-democracy-promotion.eu\/de\/","name":"EDP Network","description":"Deutsche Website","potentialAction":[{"@type":"SearchAction","target":{"@type":"EntryPoint","urlTemplate":"https:\/\/www.external-democracy-promotion.eu\/de\/?s={search_term_string}"},"query-input":{"@type":"PropertyValueSpecification","valueRequired":true,"valueName":"search_term_string"}}],"inLanguage":"de"}]}},"_links":{"self":[{"href":"https:\/\/www.external-democracy-promotion.eu\/de\/wp-json\/wp\/v2\/pages\/61","targetHints":{"allow":["GET"]}}],"collection":[{"href":"https:\/\/www.external-democracy-promotion.eu\/de\/wp-json\/wp\/v2\/pages"}],"about":[{"href":"https:\/\/www.external-democracy-promotion.eu\/de\/wp-json\/wp\/v2\/types\/page"}],"author":[{"embeddable":true,"href":"https:\/\/www.external-democracy-promotion.eu\/de\/wp-json\/wp\/v2\/users\/1"}],"replies":[{"embeddable":true,"href":"https:\/\/www.external-democracy-promotion.eu\/de\/wp-json\/wp\/v2\/comments?post=61"}],"version-history":[{"count":8,"href":"https:\/\/www.external-democracy-promotion.eu\/de\/wp-json\/wp\/v2\/pages\/61\/revisions"}],"predecessor-version":[{"id":855,"href":"https:\/\/www.external-democracy-promotion.eu\/de\/wp-json\/wp\/v2\/pages\/61\/revisions\/855"}],"wp:attachment":[{"href":"https:\/\/www.external-democracy-promotion.eu\/de\/wp-json\/wp\/v2\/media?parent=61"}],"curies":[{"name":"wp","href":"https:\/\/api.w.org\/{rel}","templated":true}]}}